{"id":110,"date":"2023-04-29T11:17:14","date_gmt":"2023-04-29T14:17:14","guid":{"rendered":"https:\/\/loja.diogomolina.com.br\/loja\/?post_type=product&#038;p=110"},"modified":"2024-03-19T08:46:00","modified_gmt":"2024-03-19T11:46:00","slug":"workshop-conceitos-de-administracao-windows-server-2022-active-directory","status":"publish","type":"product","link":"https:\/\/loja.diogomolina.com.br\/loja\/produto\/workshop-conceitos-de-administracao-windows-server-2022-active-directory\/","title":{"rendered":"Workshop Conceitos de Administra\u00e7\u00e3o Windows Server 2022: Active Directory"},"content":{"rendered":"","protected":false},"excerpt":{"rendered":"<p>Eu n\u00e3o preciso te falar que o Active Directory \u00e9 uma das ferramentas mais importantes dentro de uma rede. Isso todo mundo sabe. Mas o que poucos\u00a0 sabem na pr\u00e1tica \u00e9 como utilizar e extrair o m\u00e1ximo do Active Directory para administrar os ambientes.<\/p>\n<p>A maioria s\u00f3 possui um conhecimento bem b\u00e1sico do Active Directory, com isso n\u00e3o conseguem utilizar nem 10% do que essa ferramenta poderosa oferece.<\/p>\n<p>S\u00f3 saber criar usu\u00e1rios, grupos, OU\u00b4s, GPO&#8230; s\u00f3 ir\u00e1 deixar voc\u00ea cada vez mais limitado. As empresas consideram profissionais que s\u00f3 sabem criar usu\u00e1rios, grupos, OU\u00b4s, como profissionais com conhecimentos extremamente limitados no Active Directory, e n\u00e3o \u00e9 isso que as empresas buscam nos profissionais.<\/p>\n<p>Enquanto muitos ainda continuam com esses conhecimentos b\u00e1sicos, outros entenderam que \u00e9 necess\u00e1rio conhecer outros recursos do Active Directory, para que possam estar preparados para o que as empresas est\u00e3o cobrando.<\/p>\n<p>Por\u00e9m s\u00e3o poucos que dominam esses recursos mais avan\u00e7ados do Active Directory, por isso as empresas tem dificuldades em encontrar profissionais que realmente dominam os recursos mais avan\u00e7ados no Active Directory.<\/p>\n<p>Esse Workshop vai te ajudar a sair da zona de conforto quando o assunto \u00e9 a Administra\u00e7\u00e3o do Active Directory. Voc\u00ea vai aprender como funciona essa ferramenta poderosa de forma mais completa e avan\u00e7ada. Depois desse Workshop o que antes era um conhecimento b\u00e1sico e superficial, ir\u00e1 se transformar em um conhecimento mais completo e voc\u00ea ir\u00e1 entender como essa ferramenta funciona de fato.<\/p>\n<p>Eu estou falando de voc\u00ea entender realmente como funciona os usu\u00e1rios, grupos, GPO e outros recursos importantes do Active Directory. Sair do conhecimento que n\u00e3o vai te levar a lugar nenhum&#8230; para um conhecimento s\u00f3lido e mais completo do Active Directory.<\/p>\n<p>Veja o que voc\u00ea vai aprender nesse Workshop:<\/p>\n<ul>\n<li>Entendendo a Hierarquia do Active Directory (Florestas, Arvores e Dom\u00ednios);<\/li>\n<li>Entendendo a Rela\u00e7\u00e3o de Confian\u00e7a de Dom\u00ednios;<\/li>\n<li>Componentes CORE do Active Directory Domain Services;<\/li>\n<li>Entendendo os Mestres de Opera\u00e7\u00f5es;<\/li>\n<li>Instalando o Active Directory seguindo as melhores pr\u00e1ticas;<\/li>\n<li>O que s\u00e3o OU\u00b4s e Containers e suas principais diferen\u00e7as;<\/li>\n<li>Administra\u00e7\u00e3o de Usu\u00e1rios<\/li>\n<li>Administra\u00e7\u00e3o de Grupos, Seus Tipos e Escopos;<\/li>\n<li>O que s\u00e3o GPO\u00b4s;<\/li>\n<li>Hierarquia para aplicar GPO\u00b4s;<\/li>\n<li>Como uma GPO \u00e9 processada;<\/li>\n<li>Cria\u00e7\u00e3o e aplica\u00e7\u00e3o de GPO\u00b4s<\/li>\n<\/ul>\n<p>Tudo isso n\u00f3s iremos ver na pr\u00e1tica, cada detalhe. Depois desse Workshop at\u00e9 o conhecimento de criar usu\u00e1rios ir\u00e1 mudar, voc\u00ea ir\u00e1 entender no detalhe como funciona os objetos Usu\u00e1rios, Grupos, OU\u00b4s, GPO\u00b4s&#8230;<\/p>\n<p>Eu n\u00e3o estou falando de simplesmente clicar com o bot\u00e3o direito do mouse e criar um usu\u00e1rio, um grupo&#8230;. estou falando que voc\u00ea vai entender como funcionam esses objetos no Active Directory e a melhor forma de administra-los.<\/p>\n<p>&nbsp;<\/p>\n","protected":false},"featured_media":112,"template":"","meta":{"om_disable_all_campaigns":false,"_monsterinsights_skip_tracking":false,"_monsterinsights_sitenote_active":false,"_monsterinsights_sitenote_note":"","_monsterinsights_sitenote_category":0},"product_cat":[15],"product_tag":[],"aioseo_notices":[],"_links":{"self":[{"href":"https:\/\/loja.diogomolina.com.br\/loja\/wp-json\/wp\/v2\/product\/110"}],"collection":[{"href":"https:\/\/loja.diogomolina.com.br\/loja\/wp-json\/wp\/v2\/product"}],"about":[{"href":"https:\/\/loja.diogomolina.com.br\/loja\/wp-json\/wp\/v2\/types\/product"}],"wp:featuredmedia":[{"embeddable":true,"href":"https:\/\/loja.diogomolina.com.br\/loja\/wp-json\/wp\/v2\/media\/112"}],"wp:attachment":[{"href":"https:\/\/loja.diogomolina.com.br\/loja\/wp-json\/wp\/v2\/media?parent=110"}],"wp:term":[{"taxonomy":"product_cat","embeddable":true,"href":"https:\/\/loja.diogomolina.com.br\/loja\/wp-json\/wp\/v2\/product_cat?post=110"},{"taxonomy":"product_tag","embeddable":true,"href":"https:\/\/loja.diogomolina.com.br\/loja\/wp-json\/wp\/v2\/product_tag?post=110"}],"curies":[{"name":"wp","href":"https:\/\/api.w.org\/{rel}","templated":true}]}}