{"id":113,"date":"2023-05-13T16:07:49","date_gmt":"2023-05-13T19:07:49","guid":{"rendered":"https:\/\/loja.diogomolina.com.br\/loja\/?post_type=product&#038;p=113"},"modified":"2024-03-19T08:44:33","modified_gmt":"2024-03-19T11:44:33","slug":"workshop-seguranca-no-windows-server-2022","status":"publish","type":"product","link":"https:\/\/loja.diogomolina.com.br\/loja\/produto\/workshop-seguranca-no-windows-server-2022\/","title":{"rendered":"Workshop: Seguran\u00e7a no Windows Server 2022"},"content":{"rendered":"","protected":false},"excerpt":{"rendered":"<p>A seguran\u00e7a \u00e9 fundamental para as empresas hoje. Praticamente qualquer empresa trabalha em ambientes com Windows Server e Windows Client na rede. E conforme as t\u00e9cnicas de hacker foram evoluindo, os ambientes foram ficando cada vez mais expostos.<\/p>\n<p>O Windows Server 2022 trouxe muitas melhorias e novos recursos para aumentar a seguran\u00e7a dos ambientes. S\u00e3o desde melhorias dos protocolos mais utilizados na rede, como o SMB (para acesso a arquivos compartilhados), o NTLM e o Kerberos\u00a0 (autentica\u00e7\u00e3o).<\/p>\n<p>Entender as melhorias e novos recursos dispon\u00edveis \u00e9 crucial para manter os ambientes mais seguros e longe de vulnerabilidade. Hoje muitas empresas est\u00e3o vulner\u00e1veis a v\u00e1rios tipos de ataques, por falta de conhecimento sobre os recursos de seguran\u00e7a dispon\u00edveis no Windows Server 2022 e como habilitar e configurar esses recursos para deixar o ambiente seguro.<\/p>\n<p>\u00c9 exatamente isso que iremos ver nesse Workshop. Como utilizar os recursos de seguran\u00e7a do Windows Server 2022 e deixar os ambientes seguros e longe de vulnerabilidade.<\/p>\n<p>Veja um breve resumo do que voc\u00ea ir\u00e1 aprender no Workshop:<\/p>\n<ul>\n<li>Vis\u00e3o geral da Seguran\u00e7a Windows Server 2022<\/li>\n<li>Features de Seguran\u00e7a Protocolo SMB<\/li>\n<li>Auditando e Bloqueando o SMBv1<\/li>\n<li>Configurando Assinatura para o SMB<\/li>\n<li>Configurando a Criptografia para o SMB<\/li>\n<li>Seguran\u00e7a do Protocolo NTLM<\/li>\n<li>Implementando a Seguran\u00e7a no Protocolo NTLM<\/li>\n<li>Seguran\u00e7a DNS<\/li>\n<li>Implementando DNSSEC<\/li>\n<li>Prote\u00e7\u00e3o das Credenciais<\/li>\n<li>Usando o Grupo de Usu\u00e1rios Protegidos<\/li>\n<li>Politica de Autentica\u00e7\u00e3o e Silo<\/li>\n<li>Protegendo Contas Privilegiadas com Politicas de Autentica\u00e7\u00e3o e Silo<\/li>\n<li>Solu\u00e7\u00e3o de Senhas Admin Local (LAPS)<\/li>\n<li>Instala\u00e7\u00e3o do LAPS Client<\/li>\n<li>Trabalhando com o LAPS<\/li>\n<li>Credential Guard<\/li>\n<li>Habilitando o Credential Guard<\/li>\n<li>Direitos de Usu\u00e1rios<\/li>\n<li>Acesso Privilegiado a Computadores (PAW)<\/li>\n<li>Windows Defender<\/li>\n<li>Configura\u00e7\u00e3o Windows Defender com GPO<\/li>\n<li>Implementando o APPLocker<\/li>\n<li>Configura\u00e7\u00e3o WSUS<\/li>\n<\/ul>\n<p>Conte\u00fado 100% pr\u00e1tico onde depois desse Workshop voc\u00ea ir\u00e1 ver a seguran\u00e7a dos ambientes com Windows de uma outra maneira. Voc\u00ea saber\u00e1 exatamente o que fazer para deixar os ambientes longe de vulnerabilidade.<\/p>\n<p>Garanta sua vaga agora mesmo com o valor promocional.<\/p>\n","protected":false},"featured_media":114,"template":"","meta":{"om_disable_all_campaigns":false,"_monsterinsights_skip_tracking":false,"_monsterinsights_sitenote_active":false,"_monsterinsights_sitenote_note":"","_monsterinsights_sitenote_category":0},"product_cat":[15],"product_tag":[],"aioseo_notices":[],"_links":{"self":[{"href":"https:\/\/loja.diogomolina.com.br\/loja\/wp-json\/wp\/v2\/product\/113"}],"collection":[{"href":"https:\/\/loja.diogomolina.com.br\/loja\/wp-json\/wp\/v2\/product"}],"about":[{"href":"https:\/\/loja.diogomolina.com.br\/loja\/wp-json\/wp\/v2\/types\/product"}],"wp:featuredmedia":[{"embeddable":true,"href":"https:\/\/loja.diogomolina.com.br\/loja\/wp-json\/wp\/v2\/media\/114"}],"wp:attachment":[{"href":"https:\/\/loja.diogomolina.com.br\/loja\/wp-json\/wp\/v2\/media?parent=113"}],"wp:term":[{"taxonomy":"product_cat","embeddable":true,"href":"https:\/\/loja.diogomolina.com.br\/loja\/wp-json\/wp\/v2\/product_cat?post=113"},{"taxonomy":"product_tag","embeddable":true,"href":"https:\/\/loja.diogomolina.com.br\/loja\/wp-json\/wp\/v2\/product_tag?post=113"}],"curies":[{"name":"wp","href":"https:\/\/api.w.org\/{rel}","templated":true}]}}