{"id":115,"date":"2023-06-02T07:37:18","date_gmt":"2023-06-02T10:37:18","guid":{"rendered":"https:\/\/loja.diogomolina.com.br\/loja\/?post_type=product&#038;p=115"},"modified":"2024-03-19T08:43:19","modified_gmt":"2024-03-19T11:43:19","slug":"desafio-desenho-e-administracao-do-active-directory-com-inteligencia-artificial","status":"publish","type":"product","link":"https:\/\/loja.diogomolina.com.br\/loja\/produto\/desafio-desenho-e-administracao-do-active-directory-com-inteligencia-artificial\/","title":{"rendered":"Desafio Desenho e Administra\u00e7\u00e3o do Active Directory com Intelig\u00eancia Artificial"},"content":{"rendered":"","protected":false},"excerpt":{"rendered":"<p>Na segunda-feira, dia 05 de Junho \u00e0s 19h ser\u00e1 a entrega do nosso Desafio Desenho e Administra\u00e7\u00e3o Active Directory com IA. A entrega ser\u00e1 feita ao vivo usando a plataforma ZOOM. E voc\u00ea ter\u00e1 acesso vital\u00edcio na grava\u00e7\u00e3o.<\/p>\n<p>Aprenda Como Desenhar Novos Ambientes do Active Directory e fazer uma Administra\u00e7\u00e3o e Automa\u00e7\u00f5es de Tarefas utilizando a Intelig\u00eancia Artificial.<\/p>\n<p>Voc\u00ea ir\u00e1 aprender a construir o ambiente do ZERO, desde o design de como a ambiente deve ser implementado para atender as necessidades da empresa, como tamb\u00e9m utilizar a IA para ajudar na administra\u00e7\u00e3o do dia a dia.<br \/>\nVoc\u00ea ir\u00e1 aprender a &#8220;treinar&#8221; a IA para que ela traga as informa\u00e7\u00f5es certas para voc\u00ea&#8230;<br \/>\nVoc\u00ea ir\u00e1 dominar as principais atividades do Active Directory e sua utiliza\u00e7\u00e3o com a ajuda poderosa da IA&#8230;<br \/>\nVoc\u00ea ir\u00e1 conhecer todos os detalhes e segredos para construir um ambiente robusto que siga as melhores pr\u00e1ticas.<\/p>\n<p>E mais, muito mais&#8230;<\/p>\n<p>Durante 3 horas (em m\u00e9dia) n\u00f3s iremos juntos ver todo o passo a passo para voc\u00ea nunca mais come\u00e7ar o desenho e a administra\u00e7\u00e3o de ambiente com Active Directory do absoluto zero, sem saber como criar e administrar ambientes da melhor maneira.<\/p>\n<p>Como criar os mais diferentes ambientes, para atender os mais diferenciados cen\u00e1rios e como administrar esse ambiente economizando tempo nas atividades do dia a dia.<\/p>\n<p>Voc\u00ea ter\u00e1 acesso ao processos completo, para atender qualquer necessidade que chegue, seja para criar novos ambientes, ou para executar atividades rotineiras e mais, muito mais&#8230;<\/p>\n","protected":false},"featured_media":116,"template":"","meta":{"om_disable_all_campaigns":false,"_monsterinsights_skip_tracking":false,"_monsterinsights_sitenote_active":false,"_monsterinsights_sitenote_note":"","_monsterinsights_sitenote_category":0},"product_cat":[15],"product_tag":[],"aioseo_notices":[],"_links":{"self":[{"href":"https:\/\/loja.diogomolina.com.br\/loja\/wp-json\/wp\/v2\/product\/115"}],"collection":[{"href":"https:\/\/loja.diogomolina.com.br\/loja\/wp-json\/wp\/v2\/product"}],"about":[{"href":"https:\/\/loja.diogomolina.com.br\/loja\/wp-json\/wp\/v2\/types\/product"}],"wp:featuredmedia":[{"embeddable":true,"href":"https:\/\/loja.diogomolina.com.br\/loja\/wp-json\/wp\/v2\/media\/116"}],"wp:attachment":[{"href":"https:\/\/loja.diogomolina.com.br\/loja\/wp-json\/wp\/v2\/media?parent=115"}],"wp:term":[{"taxonomy":"product_cat","embeddable":true,"href":"https:\/\/loja.diogomolina.com.br\/loja\/wp-json\/wp\/v2\/product_cat?post=115"},{"taxonomy":"product_tag","embeddable":true,"href":"https:\/\/loja.diogomolina.com.br\/loja\/wp-json\/wp\/v2\/product_tag?post=115"}],"curies":[{"name":"wp","href":"https:\/\/api.w.org\/{rel}","templated":true}]}}