{"id":13,"date":"2023-01-21T11:32:00","date_gmt":"2023-01-21T14:32:00","guid":{"rendered":"https:\/\/loja.diogomolina.com.br\/produto\/album-2\/"},"modified":"2025-09-22T09:43:59","modified_gmt":"2025-09-22T12:43:59","slug":"windows-server-2022","status":"publish","type":"product","link":"https:\/\/loja.diogomolina.com.br\/loja\/produto\/windows-server-2022\/","title":{"rendered":"Treinamento Completo Windows Server 2022"},"content":{"rendered":"","protected":false},"excerpt":{"rendered":"<p>https:\/\/vimeo.com\/830183511<\/p>\n<p>Treinamento Windows Server 2022 \u00e9 um curso completo com mais de 100 aulas divididas em 14 m\u00f3dulos.<\/p>\n<p>Esse curso ensina na pr\u00e1tica a implementa\u00e7\u00e3o e administra\u00e7\u00e3o dos principais recursos do Windows Server 2022, os recursos que praticamente todas as empresas utilizam.<\/p>\n<p>Voc\u00ea ir\u00e1 aprender desde os recursos b\u00e1sicos como a instala\u00e7\u00e3o do Windows Server 2022&#8230; at\u00e9 recursos mais avan\u00e7ados como criar ambiente em alta disponibilidade com Cluster.<\/p>\n<p>Esse treinamento \u00e9 ideal para quem est\u00e1 iniciando na \u00e1rea de Servidores&#8230; e tamb\u00e9m para quem j\u00e1 trabalha com Servidores, mas precisa se aprofundar mais nos conhecimentos do Windows Server 2022.<\/p>\n<p>Veja como est\u00e3o dividas as mais de 100 aulas:<\/p>\n<p>M\u00f3dulo 01 &#8211; Instala\u00e7\u00e3o e Primeiras Configura\u00e7\u00f5es<br \/>\nM\u00f3dulo 02 &#8211; Monitora\u00e7\u00e3o e Ferramentas Para Resolver Problemas<br \/>\nM\u00f3dulo 03 &#8211; Active Directory e GPO<br \/>\nM\u00f3dulo 04 &#8211; DNS Server<br \/>\nM\u00f3dulo 05 &#8211; DHCP Server<br \/>\nM\u00f3dulo 06 &#8211; File Server e DFS Namespace<br \/>\nM\u00f3dulo 07 &#8211; Gerenciamento Avan\u00e7ado de Discos<br \/>\nM\u00f3dulo 08 &#8211; Network Load Balance (NLB)<br \/>\nM\u00f3dulo 09 &#8211; Failover Cluster<br \/>\nM\u00f3dulo 10 &#8211; Gerenciamento de Acesso Remoto (VPN)<br \/>\nM\u00f3dulo 11 &#8211; Wsus<br \/>\nM\u00f3dulo 12 &#8211; IIS<br \/>\nM\u00f3dulo 13 &#8211; Cont\u00eainer Docker no Windows Server<br \/>\nM\u00f3dulo 14 &#8211; Windows Admin Center<\/p>\n<p>Todas os m\u00f3dulo inicia com a introdu\u00e7\u00e3o do recursos, a implementa\u00e7\u00e3o e administra\u00e7\u00e3o.<\/p>\n<p>Essa \u00e9 sua chance de dominar os principais recursos do Windows Server 2022, e estar preparado para as vagas que exigem esses conhecimentos.<\/p>\n","protected":false},"featured_media":30,"template":"","meta":{"om_disable_all_campaigns":false,"_monsterinsights_skip_tracking":false,"_monsterinsights_sitenote_active":false,"_monsterinsights_sitenote_note":"","_monsterinsights_sitenote_category":0},"product_cat":[17],"product_tag":[18],"aioseo_notices":[],"_links":{"self":[{"href":"https:\/\/loja.diogomolina.com.br\/loja\/wp-json\/wp\/v2\/product\/13"}],"collection":[{"href":"https:\/\/loja.diogomolina.com.br\/loja\/wp-json\/wp\/v2\/product"}],"about":[{"href":"https:\/\/loja.diogomolina.com.br\/loja\/wp-json\/wp\/v2\/types\/product"}],"wp:featuredmedia":[{"embeddable":true,"href":"https:\/\/loja.diogomolina.com.br\/loja\/wp-json\/wp\/v2\/media\/30"}],"wp:attachment":[{"href":"https:\/\/loja.diogomolina.com.br\/loja\/wp-json\/wp\/v2\/media?parent=13"}],"wp:term":[{"taxonomy":"product_cat","embeddable":true,"href":"https:\/\/loja.diogomolina.com.br\/loja\/wp-json\/wp\/v2\/product_cat?post=13"},{"taxonomy":"product_tag","embeddable":true,"href":"https:\/\/loja.diogomolina.com.br\/loja\/wp-json\/wp\/v2\/product_tag?post=13"}],"curies":[{"name":"wp","href":"https:\/\/api.w.org\/{rel}","templated":true}]}}