{"id":32,"date":"2023-02-11T10:22:28","date_gmt":"2023-02-11T13:22:28","guid":{"rendered":"https:\/\/loja.diogomolina.com.br\/?post_type=product&#038;p=32"},"modified":"2024-03-19T09:14:57","modified_gmt":"2024-03-19T12:14:57","slug":"treinamento-exchange-server-2019","status":"publish","type":"product","link":"https:\/\/loja.diogomolina.com.br\/loja\/produto\/treinamento-exchange-server-2019\/","title":{"rendered":"Treinamento Exchange Server 2019"},"content":{"rendered":"","protected":false},"excerpt":{"rendered":"<p>O Exchange Server \u00e9 a solu\u00e7\u00e3o de e-mail mais utilizada pelas empresas no mundo. Muitos acabam achando que por conta do Microsoft 365, as empresas n\u00e3o ir\u00e3o mais utilizar Exchange Server, mas isso n\u00e3o \u00e9 verdade.<\/p>\n<p>Outro ponto importe e que poucos acabam se atentando, \u00e9 que o profissional que administra o Exchange Server est\u00e1 preparado automaticamente para gerenciar ambiente com Microsoft 365&#8230;<\/p>\n<p>Mas o profissional que s\u00f3 conhece Microsoft 365, n\u00e3o est\u00e1 preparado para administrar o Exchange Server.<\/p>\n<p>O motivo \u00e9 simples: No Microsoft 365 muitos recursos s\u00e3o gerenciados pela pr\u00f3pria Microsoft, enquanto que no Exchange Server o administrar precisa saber gerenciar todos os recursos.<\/p>\n<p>Nesse treinamento voc\u00ea vai aprender:<\/p>\n<p>01 &#8211; Prepara\u00e7\u00e3o do Ambiente (Active Directory, DNS, Firewall) para Instala\u00e7\u00e3o do Exchange Server 2019<br \/>\n02 &#8211; Instala\u00e7\u00e3o do Exchange Server 2019<br \/>\n03 &#8211; Cria\u00e7\u00e3o das Databases do Exchange Server 2019<br \/>\n04 &#8211; Cria\u00e7\u00e3o das Mailbox dos usu\u00e1rios<br \/>\n05 &#8211; Configura\u00e7\u00f5es de Acesso dos Clientes para suas Mailbox<br \/>\n06 &#8211; Configura\u00e7\u00e3o e Gerenciamento de Roteamento de Mensagens<br \/>\n07 &#8211; Trabalhando com Alta Disponibilidade das Databases com o DAG<br \/>\n08 &#8211; Trabalhando com Alta Disponibilidade para os acessos dos Clientes<br \/>\n09 &#8211; Trabalhando com Alta Disponibilidade de Roteamento das Mensagens<br \/>\n10 &#8211; Backup e Recover das Maibox, Databases e Servidor Exchange<br \/>\n&#8230;.e muito mais<\/p>\n<p>Essa \u00e9 sua chance de dominar a implementa\u00e7\u00e3o e administra\u00e7\u00e3o do servi\u00e7o de e-mail mais utilizado.<\/p>\n","protected":false},"featured_media":33,"template":"","meta":{"om_disable_all_campaigns":false,"_monsterinsights_skip_tracking":false,"_monsterinsights_sitenote_active":false,"_monsterinsights_sitenote_note":"","_monsterinsights_sitenote_category":0},"product_cat":[20],"product_tag":[21],"aioseo_notices":[],"_links":{"self":[{"href":"https:\/\/loja.diogomolina.com.br\/loja\/wp-json\/wp\/v2\/product\/32"}],"collection":[{"href":"https:\/\/loja.diogomolina.com.br\/loja\/wp-json\/wp\/v2\/product"}],"about":[{"href":"https:\/\/loja.diogomolina.com.br\/loja\/wp-json\/wp\/v2\/types\/product"}],"wp:featuredmedia":[{"embeddable":true,"href":"https:\/\/loja.diogomolina.com.br\/loja\/wp-json\/wp\/v2\/media\/33"}],"wp:attachment":[{"href":"https:\/\/loja.diogomolina.com.br\/loja\/wp-json\/wp\/v2\/media?parent=32"}],"wp:term":[{"taxonomy":"product_cat","embeddable":true,"href":"https:\/\/loja.diogomolina.com.br\/loja\/wp-json\/wp\/v2\/product_cat?post=32"},{"taxonomy":"product_tag","embeddable":true,"href":"https:\/\/loja.diogomolina.com.br\/loja\/wp-json\/wp\/v2\/product_tag?post=32"}],"curies":[{"name":"wp","href":"https:\/\/api.w.org\/{rel}","templated":true}]}}