{"id":34,"date":"2023-02-11T10:38:31","date_gmt":"2023-02-11T13:38:31","guid":{"rendered":"https:\/\/loja.diogomolina.com.br\/?post_type=product&#038;p=34"},"modified":"2024-10-25T10:03:37","modified_gmt":"2024-10-25T13:03:37","slug":"treinamento-hyper-v","status":"publish","type":"product","link":"https:\/\/loja.diogomolina.com.br\/loja\/produto\/treinamento-hyper-v\/","title":{"rendered":"Treinamento Hyper-V"},"content":{"rendered":"","protected":false},"excerpt":{"rendered":"<p>https:\/\/vimeo.com\/817450030<\/p>\n<p>Nesse treinamento voc\u00ea vai aprender a implementar e gerenciar ambientes com o Hyper-V 2022. O Hyper-V melhorou e muito na vers\u00e3o do Windows Server 2022.<\/p>\n<p>E nesse treinamento voc\u00ea vai aprender sobre essas melhorias, e como trabalhar com o Hyper-V seguindo as melhores pr\u00e1ticas para ter um ambiente seguro com performance.<\/p>\n<p>Veja um breve resumo do que voc\u00ea ir\u00e1 aprender nesse treinamento:<\/p>\n<p>01 &#8211; Instala\u00e7\u00e3o do Hyper-V<br \/>\n02 &#8211; Gerenciando redes virtuais<br \/>\n03 &#8211; Gerenciamento discos virtuais<br \/>\n04 &#8211; Gerenciamento m\u00e1quinas virtuais<br \/>\n05 &#8211; Implementando o Cluster Hyper-V<br \/>\n06 &#8211; Configurando o Live Migration<br \/>\n07 &#8211; Gerenciando o Hyper-V com o System Center Virtual Machine Manager (SCVMM)<br \/>\n&#8230; e muito mais.<\/p>\n<p>Garanta sua vaga e domine o recurso de virtualiza\u00e7\u00e3o de Servidores que mais vem crescendo nos \u00faltimos anos.<\/p>\n","protected":false},"featured_media":36,"template":"","meta":{"om_disable_all_campaigns":false,"_monsterinsights_skip_tracking":false,"_monsterinsights_sitenote_active":false,"_monsterinsights_sitenote_note":"","_monsterinsights_sitenote_category":0},"product_cat":[22],"product_tag":[23],"aioseo_notices":[],"_links":{"self":[{"href":"https:\/\/loja.diogomolina.com.br\/loja\/wp-json\/wp\/v2\/product\/34"}],"collection":[{"href":"https:\/\/loja.diogomolina.com.br\/loja\/wp-json\/wp\/v2\/product"}],"about":[{"href":"https:\/\/loja.diogomolina.com.br\/loja\/wp-json\/wp\/v2\/types\/product"}],"wp:featuredmedia":[{"embeddable":true,"href":"https:\/\/loja.diogomolina.com.br\/loja\/wp-json\/wp\/v2\/media\/36"}],"wp:attachment":[{"href":"https:\/\/loja.diogomolina.com.br\/loja\/wp-json\/wp\/v2\/media?parent=34"}],"wp:term":[{"taxonomy":"product_cat","embeddable":true,"href":"https:\/\/loja.diogomolina.com.br\/loja\/wp-json\/wp\/v2\/product_cat?post=34"},{"taxonomy":"product_tag","embeddable":true,"href":"https:\/\/loja.diogomolina.com.br\/loja\/wp-json\/wp\/v2\/product_tag?post=34"}],"curies":[{"name":"wp","href":"https:\/\/api.w.org\/{rel}","templated":true}]}}