{"id":37,"date":"2023-02-11T11:10:51","date_gmt":"2023-02-11T14:10:51","guid":{"rendered":"https:\/\/loja.diogomolina.com.br\/?post_type=product&#038;p=37"},"modified":"2024-03-19T09:12:30","modified_gmt":"2024-03-19T12:12:30","slug":"treinamento-remote-desktop-services-rds","status":"publish","type":"product","link":"https:\/\/loja.diogomolina.com.br\/loja\/produto\/treinamento-remote-desktop-services-rds\/","title":{"rendered":"Treinamento Remote Desktop Services (RDS)"},"content":{"rendered":"","protected":false},"excerpt":{"rendered":"<p>O Remote Desktop Services \u00e9 o antigo TS. Essa solu\u00e7\u00e3o evolui muito nas \u00faltimas vers\u00e3o e nesse treinamento voc\u00ea vai aprender sobre todas as role do RDS.<\/p>\n<p>Voc\u00ea vai aprender a implementar a role de RDS Gateway para liberar o acesso externo de forma segura, utilizando certificado digital&#8230;<\/p>\n<p>Vai aprender a configurar o portal Web para os usu\u00e1rios acessar o porta para abrir suas aplica\u00e7\u00f5es, sem a necessidade de fazer logon no Servidor RDS.<\/p>\n<p>Voc\u00ea vai ter acesso as melhores pr\u00e1ticas para implementar e gerenciar cada um dos servi\u00e7os que comp\u00f5e a solu\u00e7\u00e3o do Remote Desktop Services.<\/p>\n<p>Veja um breve descri\u00e7\u00e3o do que voc\u00ea ir\u00e1 aprender nesse treinamento:<\/p>\n<p>01 &#8211; Como Implementar o RDS Session Host<br \/>\n02 &#8211; Como Implementar o RDS Web Access<br \/>\n03 &#8211; Como Implementar o RDS Service Broker<br \/>\n04 &#8211; Como Implementar o RDS Gateway<br \/>\n05 &#8211; Como Implementar o RDS Licensing<br \/>\n06 &#8211; Configurando o Certificado Digital para manter o Ambiente Seguro<br \/>\n07 &#8211; Configurando a Alta Disponibilidade para o Ambiente do Remote Desktop Services<br \/>\n&#8230; e muito mais.<\/p>\n<p>A oportunidade de aprender a implementar os recursos que mais vem demandando nos \u00faltimos anos&#8230; a configura\u00e7\u00e3o segura para os usu\u00e1rios acessarem suas aplica\u00e7\u00f5es remotamente.<\/p>\n","protected":false},"featured_media":38,"template":"","meta":{"om_disable_all_campaigns":false,"_monsterinsights_skip_tracking":false,"_monsterinsights_sitenote_active":false,"_monsterinsights_sitenote_note":"","_monsterinsights_sitenote_category":0},"product_cat":[24],"product_tag":[25],"aioseo_notices":[],"_links":{"self":[{"href":"https:\/\/loja.diogomolina.com.br\/loja\/wp-json\/wp\/v2\/product\/37"}],"collection":[{"href":"https:\/\/loja.diogomolina.com.br\/loja\/wp-json\/wp\/v2\/product"}],"about":[{"href":"https:\/\/loja.diogomolina.com.br\/loja\/wp-json\/wp\/v2\/types\/product"}],"wp:featuredmedia":[{"embeddable":true,"href":"https:\/\/loja.diogomolina.com.br\/loja\/wp-json\/wp\/v2\/media\/38"}],"wp:attachment":[{"href":"https:\/\/loja.diogomolina.com.br\/loja\/wp-json\/wp\/v2\/media?parent=37"}],"wp:term":[{"taxonomy":"product_cat","embeddable":true,"href":"https:\/\/loja.diogomolina.com.br\/loja\/wp-json\/wp\/v2\/product_cat?post=37"},{"taxonomy":"product_tag","embeddable":true,"href":"https:\/\/loja.diogomolina.com.br\/loja\/wp-json\/wp\/v2\/product_tag?post=37"}],"curies":[{"name":"wp","href":"https:\/\/api.w.org\/{rel}","templated":true}]}}