{"id":39,"date":"2023-02-11T11:22:52","date_gmt":"2023-02-11T14:22:52","guid":{"rendered":"https:\/\/loja.diogomolina.com.br\/?post_type=product&#038;p=39"},"modified":"2024-05-23T22:48:16","modified_gmt":"2024-05-24T01:48:16","slug":"treinamento-avancado-active-directory","status":"publish","type":"product","link":"https:\/\/loja.diogomolina.com.br\/loja\/produto\/treinamento-avancado-active-directory\/","title":{"rendered":"Treinamento Avan\u00e7ado Active Directory"},"content":{"rendered":"","protected":false},"excerpt":{"rendered":"<p>https:\/\/vimeo.com\/813721986<\/p>\n<p>Nesse Treinamento voc\u00ea vai aprender dos recursos b\u00e1sicos ao avan\u00e7ado da solu\u00e7\u00e3o mais utilizada nas empresas&#8230; O Active Directory.<\/p>\n<p>Vai seu muito dif\u00edcil encontrar uma vaga que n\u00e3o exija conhecimentos no Active Directory. Por\u00e9m nos \u00faltimos anos, as empresas vem exigindo conhecimentos mais avan\u00e7ados.<\/p>\n<p>N\u00e3o basta apenas saber criar conta de usu\u00e1rios, pois o Active Directory vai muito al\u00e9m disso. As empresas buscam profissionais que saibam desenhar solu\u00e7\u00f5es para atender as necessidades das empresas.<\/p>\n<p>E para desenhar solu\u00e7\u00f5es, \u00e9 necess\u00e1rio um conhecimento mais avan\u00e7ado do Active Directory. \u00c9 exatamente isso que voc\u00ea ir\u00e1 aprender nesse treinamentos.<\/p>\n<p>Veja um breve resumo do que voc\u00ea vai aprender:<\/p>\n<p>01 &#8211; Instala\u00e7\u00e3o e Primeiras Configura\u00e7\u00f5es.<br \/>\n02 &#8211; Mantendo o Active Directory Mais Seguro.<br \/>\n03 &#8211; Trabalhando com Usu\u00e1rios, Grupos, OU\u00b4s.<br \/>\n04 &#8211; Garantindo a Alta Disponibilidade do Active Directory.<br \/>\n05 &#8211; Gerenciando Ambientes com as GPO\u00b4s do Active Directory.<br \/>\n06 &#8211; Como Funciona e Como Gerenciar a Replica\u00e7\u00e3o do Active Directory.<br \/>\n07 &#8211; Otimizando o Processo de Autentica\u00e7\u00e3o Atrav\u00e9s dos Sites e Subnets do AD.<br \/>\n08 &#8211; Gerenciando os Mestres de Opera\u00e7\u00f5es do Active Directory.<br \/>\n09 &#8211; Para que Server e Como Funciona os N\u00edveis Funcionais de Dom\u00ednio e Floresta.<br \/>\n10 &#8211; Criando e Gerenciando Ambientes Com M\u00faltiplos Dom\u00ednios.<br \/>\n11 &#8211; Criando e Gerenciando Ambientes Com M\u00faltiplas Florestas.<br \/>\n12 &#8211; O que s\u00e3o e como Gerencias as Rela\u00e7\u00f5es de Confian\u00e7a do Active Directory.<br \/>\n13 &#8211; Como Migrar Ambientes Legados do Active Directory.<br \/>\n14 &#8211; Fazendo Backup e Recuperando Objetos do Active Directory.<br \/>\nE muito mais&#8230;<\/p>\n<p>Essa \u00e9 sua chance de ser um ESPECIALISTA em um dos recursos mais importantes para qualquer ambiente.<\/p>\n<p>&nbsp;<\/p>\n","protected":false},"featured_media":40,"template":"","meta":{"om_disable_all_campaigns":false,"_monsterinsights_skip_tracking":false,"_monsterinsights_sitenote_active":false,"_monsterinsights_sitenote_note":"","_monsterinsights_sitenote_category":0},"product_cat":[26],"product_tag":[27],"aioseo_notices":[],"_links":{"self":[{"href":"https:\/\/loja.diogomolina.com.br\/loja\/wp-json\/wp\/v2\/product\/39"}],"collection":[{"href":"https:\/\/loja.diogomolina.com.br\/loja\/wp-json\/wp\/v2\/product"}],"about":[{"href":"https:\/\/loja.diogomolina.com.br\/loja\/wp-json\/wp\/v2\/types\/product"}],"wp:featuredmedia":[{"embeddable":true,"href":"https:\/\/loja.diogomolina.com.br\/loja\/wp-json\/wp\/v2\/media\/40"}],"wp:attachment":[{"href":"https:\/\/loja.diogomolina.com.br\/loja\/wp-json\/wp\/v2\/media?parent=39"}],"wp:term":[{"taxonomy":"product_cat","embeddable":true,"href":"https:\/\/loja.diogomolina.com.br\/loja\/wp-json\/wp\/v2\/product_cat?post=39"},{"taxonomy":"product_tag","embeddable":true,"href":"https:\/\/loja.diogomolina.com.br\/loja\/wp-json\/wp\/v2\/product_tag?post=39"}],"curies":[{"name":"wp","href":"https:\/\/api.w.org\/{rel}","templated":true}]}}