{"id":45,"date":"2023-02-11T12:02:50","date_gmt":"2023-02-11T15:02:50","guid":{"rendered":"https:\/\/loja.diogomolina.com.br\/?post_type=product&#038;p=45"},"modified":"2024-03-19T09:06:48","modified_gmt":"2024-03-19T12:06:48","slug":"workshop-criando-gerenciando-e-monitorando-vms-no-azure","status":"publish","type":"product","link":"https:\/\/loja.diogomolina.com.br\/loja\/produto\/workshop-criando-gerenciando-e-monitorando-vms-no-azure\/","title":{"rendered":"Workshop Criando, Gerenciando e Monitorando VM\u00b4s no Azure"},"content":{"rendered":"","protected":false},"excerpt":{"rendered":"<h4>Nesse Workshop voc\u00ea vai aprender como subir m\u00e1quinas virtuais no Azure. Voc\u00ea ir\u00e1 ver cada uma das configura\u00e7\u00f5es e cada um dos detalhes para n\u00e3o correr o risco de subir uma VM com informa\u00e7\u00f5es desnecess\u00e1rias o que ir\u00e1 trazer um custo maior.<\/h4>\n<h4>Muitas empresas est\u00e3o migrando seus workloads para o Azure, e uma das etapas dessa migra\u00e7\u00e3o envolve a cria\u00e7\u00e3o de novas VM\u00b4s para suportar esses ambientes.<\/h4>\n<h4>\u00c9 exatamente isso que n\u00f3s iremos ver nesse Workshop.<\/h4>\n<h4>A cria\u00e7\u00e3o de VM\u00b4s no Azure \u00e9 completamente diferente do ambiente on-premises, e como no Azure voc\u00ea ser\u00e1 cobrado pelos recursos, \u00e9 importante saber como subir essas VM\u00b4s da forma correta para economizar.<\/h4>\n<h4>Voc\u00ea vai aprender nesse Worshop:<\/h4>\n<h4>01 &#8211; Cria\u00e7\u00e3o da VM no Azure<br \/>\n02 &#8211; Configura\u00e7\u00f5es de Imagens do S.O<br \/>\n03 &#8211; Configura\u00e7\u00f5es para o tamanho da VM<br \/>\n04 &#8211; Configura\u00e7\u00f5es de Alta Disponibilidade para as VM\u00b4s<br \/>\n05 &#8211; Configura\u00e7\u00f5es de Discos da VM<br \/>\n06 &#8211; Configura\u00e7\u00f5es de Rede para as VM\u00b4s<br \/>\n07 &#8211; Como conectar nas VM\u00b4s p\u00f3s provisionamento<br \/>\n08 &#8211; Como administrar e monitorar as VM`s que est\u00e3o no Azure<\/h4>\n<h4>Esse Workshop \u00e9 ideal para quem deseja dar os primeiros passos para administrar ambiente no Azure.<\/h4>\n","protected":false},"featured_media":46,"template":"","meta":{"om_disable_all_campaigns":false,"_monsterinsights_skip_tracking":false,"_monsterinsights_sitenote_active":false,"_monsterinsights_sitenote_note":"","_monsterinsights_sitenote_category":0},"product_cat":[30],"product_tag":[31],"aioseo_notices":[],"_links":{"self":[{"href":"https:\/\/loja.diogomolina.com.br\/loja\/wp-json\/wp\/v2\/product\/45"}],"collection":[{"href":"https:\/\/loja.diogomolina.com.br\/loja\/wp-json\/wp\/v2\/product"}],"about":[{"href":"https:\/\/loja.diogomolina.com.br\/loja\/wp-json\/wp\/v2\/types\/product"}],"wp:featuredmedia":[{"embeddable":true,"href":"https:\/\/loja.diogomolina.com.br\/loja\/wp-json\/wp\/v2\/media\/46"}],"wp:attachment":[{"href":"https:\/\/loja.diogomolina.com.br\/loja\/wp-json\/wp\/v2\/media?parent=45"}],"wp:term":[{"taxonomy":"product_cat","embeddable":true,"href":"https:\/\/loja.diogomolina.com.br\/loja\/wp-json\/wp\/v2\/product_cat?post=45"},{"taxonomy":"product_tag","embeddable":true,"href":"https:\/\/loja.diogomolina.com.br\/loja\/wp-json\/wp\/v2\/product_tag?post=45"}],"curies":[{"name":"wp","href":"https:\/\/api.w.org\/{rel}","templated":true}]}}