{"id":49,"date":"2023-02-11T13:50:29","date_gmt":"2023-02-11T16:50:29","guid":{"rendered":"https:\/\/loja.diogomolina.com.br\/?post_type=product&#038;p=49"},"modified":"2024-03-19T09:03:52","modified_gmt":"2024-03-19T12:03:52","slug":"treinamento-resolucao-de-problemas-com-as-ferramentas-sysinternals","status":"publish","type":"product","link":"https:\/\/loja.diogomolina.com.br\/loja\/produto\/treinamento-resolucao-de-problemas-com-as-ferramentas-sysinternals\/","title":{"rendered":"Treinamento Resolu\u00e7\u00e3o de Problemas com as Ferramentas Sysinternals"},"content":{"rendered":"","protected":false},"excerpt":{"rendered":"<p>https:\/\/vimeo.com\/722764348<\/p>\n<h4>Uma das habilidades mais buscadas pelas empresas em seus candidato&#8230; \u00e9 a habilidade de resolver problemas.<\/h4>\n<h4>Mas s\u00e3o poucos que possuem essa habilidade, principalmente quando falamos de problemas mais complexos&#8230; como por exemplo, resolver problemas de performance de mem\u00f3ria, disco, cpu, utilizado pelas aplica\u00e7\u00f5es.<\/h4>\n<h4>O problema \u00e9 que a maioria quando se depara com problemas mais complexos, tentam utilizar as ferramentas dispon\u00edveis no Windows Server como: Task Manager, Event Viewer, Perfomon&#8230;<\/h4>\n<h4>Por\u00e9m quanto mais complexo for o problema, mais ser\u00e1 necess\u00e1rio utilizar outras ferramentas que ir\u00e3o ajudar na identifica\u00e7\u00e3o e resolu\u00e7\u00e3o de problemas.<\/h4>\n<h4>Se tratando de Windows Server e suas aplica\u00e7\u00f5es, n\u00e3o existe nada mais poderoso do que a su\u00edte de ferramentas da Sysinternals.<\/h4>\n<h4>Sysinternals \u00e9 um conjunto de ferramentas avan\u00e7ada da Microsoft e s\u00e3o gratuitas. Mas s\u00e3o poucos profissionais que sabem utilizar essas ferramentas para identificar e resolver problemas.<\/h4>\n<h4>\u00c9 exatamente isso que voc\u00ea ir\u00e1 aprender nesse Treinamento&#8230; como utilizar as principais ferramentas da Sysinternals para identificar e resolver problemas.<\/h4>\n<h4>Veja quais as ferramentas que voc\u00ea ir\u00e1 aprender a utilizar nesse treinamento:<\/h4>\n<h4>01 &#8211; Process Explorer: Utilizada para analisar de forma mais avan\u00e7ada os processos que est\u00e3o rodando na m\u00e1quina.<br \/>\n02 &#8211; Process Monitor: Utilizado para monitorar os processo da maquina, quando a\u00e7\u00f5es s\u00e3o executadas.<br \/>\n03 &#8211; TCPView: Monitora\u00e7\u00e3o de portas TPC, conex\u00f5es.<br \/>\n04 &#8211; NotMyFault: Utilizada para gerar um Dump pontual do Windows Server.<br \/>\n05 &#8211; ADExplorer: Utilizado para analisar a estrutura do Active Directory.<br \/>\n06 &#8211; AccessChk: Valida\u00e7\u00e3o de acessos de usu\u00e1rios, processos, sistemas.<br \/>\n07 &#8211; DebugView: Utilizado para analises de Dump do Windows Server.<br \/>\n08 &#8211; LogonSessions: Utilizado para analisar e identificar problemas de logon das sess\u00f5es dos usu\u00e1rios.<br \/>\n09 &#8211; ProcDump: Utilizado para gera\u00e7\u00e3o de DUMP de processos e configura\u00e7\u00f5es especificas.<br \/>\n10 &#8211; VMMap: Valida\u00e7\u00e3o de como a mem\u00f3ria virtual do Windows Server est\u00e1 sendo utilizada.<\/h4>\n<h4>Esse treinamento ao que vai diferenciar os profissionais que demoram horas e mais horas para resolver problemas&#8230;<\/h4>\n<h4>Dos profissionais que resolvem os problemas de forma r\u00e1pida e simples.<\/h4>\n","protected":false},"featured_media":50,"template":"","meta":{"om_disable_all_campaigns":false,"_monsterinsights_skip_tracking":false,"_monsterinsights_sitenote_active":false,"_monsterinsights_sitenote_note":"","_monsterinsights_sitenote_category":0},"product_cat":[17],"product_tag":[32],"aioseo_notices":[],"_links":{"self":[{"href":"https:\/\/loja.diogomolina.com.br\/loja\/wp-json\/wp\/v2\/product\/49"}],"collection":[{"href":"https:\/\/loja.diogomolina.com.br\/loja\/wp-json\/wp\/v2\/product"}],"about":[{"href":"https:\/\/loja.diogomolina.com.br\/loja\/wp-json\/wp\/v2\/types\/product"}],"wp:featuredmedia":[{"embeddable":true,"href":"https:\/\/loja.diogomolina.com.br\/loja\/wp-json\/wp\/v2\/media\/50"}],"wp:attachment":[{"href":"https:\/\/loja.diogomolina.com.br\/loja\/wp-json\/wp\/v2\/media?parent=49"}],"wp:term":[{"taxonomy":"product_cat","embeddable":true,"href":"https:\/\/loja.diogomolina.com.br\/loja\/wp-json\/wp\/v2\/product_cat?post=49"},{"taxonomy":"product_tag","embeddable":true,"href":"https:\/\/loja.diogomolina.com.br\/loja\/wp-json\/wp\/v2\/product_tag?post=49"}],"curies":[{"name":"wp","href":"https:\/\/api.w.org\/{rel}","templated":true}]}}