{"id":51,"date":"2023-02-11T14:04:48","date_gmt":"2023-02-11T17:04:48","guid":{"rendered":"https:\/\/loja.diogomolina.com.br\/?post_type=product&#038;p=51"},"modified":"2024-03-19T09:02:32","modified_gmt":"2024-03-19T12:02:32","slug":"workshop-migracao-maquinas-virtuais-para-o-azure","status":"publish","type":"product","link":"https:\/\/loja.diogomolina.com.br\/loja\/produto\/workshop-migracao-maquinas-virtuais-para-o-azure\/","title":{"rendered":"Workshop Migra\u00e7\u00e3o M\u00e1quinas Virtuais Para o Azure"},"content":{"rendered":"","protected":false},"excerpt":{"rendered":"<h4>Uma das atividades que as empresas mais vem fazendo nos \u00faltimos anos \u00e9 a migra\u00e7\u00e3o de suas m\u00e1quinas virtuais on-premises para o Azure.<\/h4>\n<h4>Seja de ambiente com Hyper-V, VMWare&#8230; \u00e9 poss\u00edvel fazer essa migra\u00e7\u00e3o de forma simples e praticamente sem indisponibilidade.<\/h4>\n<h4>\u00c9 exatamente isso que voc\u00ea vai aprender nesse Workshop&#8230;<\/h4>\n<h4>Como Migrar as VM\u00b4s do ambiente on-premises para o Azure. Voc\u00ea vai aprender o passo a passo, cada detalhes para que a migra\u00e7\u00e3o seja bem-sucedida e n\u00e3o corra o risco de perder informa\u00e7\u00f5es durante o processo de migra\u00e7\u00e3o.<\/h4>\n<h4>Sua chance de aprender na pr\u00e1tica, a atividade mais executada pelas empresas nos \u00faltimos anos&#8230; e estar preparado para as vaga que ir\u00e3o exigir esses conhecimentos.<\/h4>\n","protected":false},"featured_media":52,"template":"","meta":{"om_disable_all_campaigns":false,"_monsterinsights_skip_tracking":false,"_monsterinsights_sitenote_active":false,"_monsterinsights_sitenote_note":"","_monsterinsights_sitenote_category":0},"product_cat":[30],"product_tag":[31],"aioseo_notices":[],"_links":{"self":[{"href":"https:\/\/loja.diogomolina.com.br\/loja\/wp-json\/wp\/v2\/product\/51"}],"collection":[{"href":"https:\/\/loja.diogomolina.com.br\/loja\/wp-json\/wp\/v2\/product"}],"about":[{"href":"https:\/\/loja.diogomolina.com.br\/loja\/wp-json\/wp\/v2\/types\/product"}],"wp:featuredmedia":[{"embeddable":true,"href":"https:\/\/loja.diogomolina.com.br\/loja\/wp-json\/wp\/v2\/media\/52"}],"wp:attachment":[{"href":"https:\/\/loja.diogomolina.com.br\/loja\/wp-json\/wp\/v2\/media?parent=51"}],"wp:term":[{"taxonomy":"product_cat","embeddable":true,"href":"https:\/\/loja.diogomolina.com.br\/loja\/wp-json\/wp\/v2\/product_cat?post=51"},{"taxonomy":"product_tag","embeddable":true,"href":"https:\/\/loja.diogomolina.com.br\/loja\/wp-json\/wp\/v2\/product_tag?post=51"}],"curies":[{"name":"wp","href":"https:\/\/api.w.org\/{rel}","templated":true}]}}