{"id":57,"date":"2023-02-11T14:44:38","date_gmt":"2023-02-11T17:44:38","guid":{"rendered":"https:\/\/loja.diogomolina.com.br\/?post_type=product&#038;p=57"},"modified":"2024-11-04T17:43:21","modified_gmt":"2024-11-04T20:43:21","slug":"treinamento-especialista-file-server","status":"publish","type":"product","link":"https:\/\/loja.diogomolina.com.br\/loja\/produto\/treinamento-especialista-file-server\/","title":{"rendered":"Treinamento Especialista File Server"},"content":{"rendered":"","protected":false},"excerpt":{"rendered":"<p>https:\/\/vimeo.com\/803647482<\/p>\n<h4>Se existe um recurso que muitos ainda possuem d\u00favidas na hora de gerenciar, esse recurso \u00e9 o File Server&#8230; principalmente quando falamos de permiss\u00f5es.<\/h4>\n<h4>E ainda temos o DFS Namespace e DFS Replication, que s\u00e3o recursos poderosos para v\u00e1rios cen\u00e1rio, e poucos sabem fazer a implementa\u00e7\u00e3o \u00e9 o gerenciamento.<\/h4>\n<h4>\u00c9 exatamente isso que iremos ver nesse Treinamento&#8230;<\/h4>\n<h4>Segue o resumo do que voc\u00ea ir\u00e1 aprender:<\/h4>\n<h4>01 &#8211; Como Funcionam as Permiss\u00f5es de Seguran\u00e7a e Compartilhamento<br \/>\n02 &#8211; Como validar as permiss\u00f5es efetivas dos usu\u00e1rios<br \/>\n03 &#8211; Como estruturar seu File Server, e como utilizar as heran\u00e7as de pastas<br \/>\n04 &#8211; Quais os Cen\u00e1rios ideais para implementa\u00e7\u00e3o do DFS<br \/>\n05 &#8211; Implementando o DFS Namespace<br \/>\n06 &#8211; Subindo os compartilhamento no Namespace do DF<br \/>\n07 &#8211; Habilitando a Alta Disponibilidade para o DFS<br \/>\n08 &#8211; Configurando o DFS Replication para replicar as informa\u00e7\u00f5es entre os Servidores DFS<br \/>\n09 &#8211; Sincronizando o conte\u00fado do File Server on-premesis com o Azure utilizando o Azure File Sync<\/h4>\n<h4>Essa \u00e9 a oportunidade de nunca mais enfrentar problemas quando o assunto for permiss\u00f5es e qual o melhor recurso (File Server, DFS, Azure File Sync) implementar nos ambientes.<\/h4>\n","protected":false},"featured_media":58,"template":"","meta":{"om_disable_all_campaigns":false,"_monsterinsights_skip_tracking":false,"_monsterinsights_sitenote_active":false,"_monsterinsights_sitenote_note":"","_monsterinsights_sitenote_category":0},"product_cat":[17],"product_tag":[35],"aioseo_notices":[],"_links":{"self":[{"href":"https:\/\/loja.diogomolina.com.br\/loja\/wp-json\/wp\/v2\/product\/57"}],"collection":[{"href":"https:\/\/loja.diogomolina.com.br\/loja\/wp-json\/wp\/v2\/product"}],"about":[{"href":"https:\/\/loja.diogomolina.com.br\/loja\/wp-json\/wp\/v2\/types\/product"}],"wp:featuredmedia":[{"embeddable":true,"href":"https:\/\/loja.diogomolina.com.br\/loja\/wp-json\/wp\/v2\/media\/58"}],"wp:attachment":[{"href":"https:\/\/loja.diogomolina.com.br\/loja\/wp-json\/wp\/v2\/media?parent=57"}],"wp:term":[{"taxonomy":"product_cat","embeddable":true,"href":"https:\/\/loja.diogomolina.com.br\/loja\/wp-json\/wp\/v2\/product_cat?post=57"},{"taxonomy":"product_tag","embeddable":true,"href":"https:\/\/loja.diogomolina.com.br\/loja\/wp-json\/wp\/v2\/product_tag?post=57"}],"curies":[{"name":"wp","href":"https:\/\/api.w.org\/{rel}","templated":true}]}}