{"id":59,"date":"2023-02-11T14:59:52","date_gmt":"2023-02-11T17:59:52","guid":{"rendered":"https:\/\/loja.diogomolina.com.br\/?post_type=product&#038;p=59"},"modified":"2024-03-19T08:57:40","modified_gmt":"2024-03-19T11:57:40","slug":"desafio-construindo-ambiente-com-windows-server-2022","status":"publish","type":"product","link":"https:\/\/loja.diogomolina.com.br\/loja\/produto\/desafio-construindo-ambiente-com-windows-server-2022\/","title":{"rendered":"Desafio Construindo Ambiente Com Windows Server 2022"},"content":{"rendered":"","protected":false},"excerpt":{"rendered":"<h4>Esse treinamento \u00e9 ideal para quem est\u00e1 iniciando a carreira de Windows Server. Nesse treinamento voc\u00ea vai aprender na pr\u00e1tica e passo a passo como construir um Ambiente com os recursos mais utilizados do Windows Server.<\/h4>\n<h4>Voc\u00ea vai aprender tudo do ABSOLUTO ZERO.<\/h4>\n<h4>Voc\u00ea vai aprender:<\/h4>\n<h4>01 &#8211; Implementar e Gerenciar o Active Directory<br \/>\n02 &#8211; Implementar e Gerenciar o DNS Server<br \/>\n03 &#8211; Implementar e Gerenciar o DHC Server<br \/>\n04 &#8211; Implementar e Gerenciar o File Server<\/h4>\n<h4>Esses quatro recursos s\u00e3o utilizados em praticamente qualquer ambiente, e para quem est\u00e1 iniciando \u00e9 importante saber implementar e gerenciar esses recursos.<\/h4>\n<h4>\u00c9 exatamente isso que voc\u00ea ir\u00e1 ver na pr\u00e1tica e passo a passo.<\/h4>\n","protected":false},"featured_media":60,"template":"","meta":{"om_disable_all_campaigns":false,"_monsterinsights_skip_tracking":false,"_monsterinsights_sitenote_active":false,"_monsterinsights_sitenote_note":"","_monsterinsights_sitenote_category":0},"product_cat":[17],"product_tag":[18],"aioseo_notices":[],"_links":{"self":[{"href":"https:\/\/loja.diogomolina.com.br\/loja\/wp-json\/wp\/v2\/product\/59"}],"collection":[{"href":"https:\/\/loja.diogomolina.com.br\/loja\/wp-json\/wp\/v2\/product"}],"about":[{"href":"https:\/\/loja.diogomolina.com.br\/loja\/wp-json\/wp\/v2\/types\/product"}],"wp:featuredmedia":[{"embeddable":true,"href":"https:\/\/loja.diogomolina.com.br\/loja\/wp-json\/wp\/v2\/media\/60"}],"wp:attachment":[{"href":"https:\/\/loja.diogomolina.com.br\/loja\/wp-json\/wp\/v2\/media?parent=59"}],"wp:term":[{"taxonomy":"product_cat","embeddable":true,"href":"https:\/\/loja.diogomolina.com.br\/loja\/wp-json\/wp\/v2\/product_cat?post=59"},{"taxonomy":"product_tag","embeddable":true,"href":"https:\/\/loja.diogomolina.com.br\/loja\/wp-json\/wp\/v2\/product_tag?post=59"}],"curies":[{"name":"wp","href":"https:\/\/api.w.org\/{rel}","templated":true}]}}