{"id":61,"date":"2023-02-11T15:09:40","date_gmt":"2023-02-11T18:09:40","guid":{"rendered":"https:\/\/loja.diogomolina.com.br\/?post_type=product&#038;p=61"},"modified":"2024-03-19T08:56:23","modified_gmt":"2024-03-19T11:56:23","slug":"treinamento-especialista-em-alta-disponibilidade-windows-server","status":"publish","type":"product","link":"https:\/\/loja.diogomolina.com.br\/loja\/produto\/treinamento-especialista-em-alta-disponibilidade-windows-server\/","title":{"rendered":"Treinamento Especialista em Alta Disponibilidade Windows Server"},"content":{"rendered":"","protected":false},"excerpt":{"rendered":"<h4>Hoje praticamente qualquer empresa depende dos servi\u00e7os de TI para se tornarem competitivas. A garantir a disponibilidade dos recursos tornou-se crucial at\u00e9 para pequenas empresas.<\/h4>\n<h4>A indisponibilidade de alguns sistemas geram preju\u00edzos financeiros, da marca&#8230; e as empresas precisam cada vez mais de profissionais que saibam desenhar solu\u00e7\u00e3o para manter suas aplica\u00e7\u00f5es sempre dispon\u00edveis.<\/h4>\n<h4>E no mercado hoje, s\u00e3o poucos os profissionais que possuem os conhecimentos necess\u00e1rios para desenhar e implementar solu\u00e7\u00f5es que realmente estejam protegidas contra falhas.<\/h4>\n<h4>\u00c9 exatamente isso que voc\u00ea ir\u00e1 aprender nesse treinamentos&#8230; como utilizar os recursos de Failover Cluster e NLB para manter aplica\u00e7\u00f5es sempre dispon\u00edveis.<\/h4>\n<h4>E n\u00e3o somente isso, nesse treinamento voc\u00ea vai aprender tamb\u00e9m como funciona a Alta Disponibilidade dos recursos no Azure.<\/h4>\n<h4>Sua chance de se tornar um ESPECIALISTA em Alta Disponibilidade.<\/h4>\n","protected":false},"featured_media":62,"template":"","meta":{"om_disable_all_campaigns":false,"_monsterinsights_skip_tracking":false,"_monsterinsights_sitenote_active":false,"_monsterinsights_sitenote_note":"","_monsterinsights_sitenote_category":0},"product_cat":[17],"product_tag":[36],"aioseo_notices":[],"_links":{"self":[{"href":"https:\/\/loja.diogomolina.com.br\/loja\/wp-json\/wp\/v2\/product\/61"}],"collection":[{"href":"https:\/\/loja.diogomolina.com.br\/loja\/wp-json\/wp\/v2\/product"}],"about":[{"href":"https:\/\/loja.diogomolina.com.br\/loja\/wp-json\/wp\/v2\/types\/product"}],"wp:featuredmedia":[{"embeddable":true,"href":"https:\/\/loja.diogomolina.com.br\/loja\/wp-json\/wp\/v2\/media\/62"}],"wp:attachment":[{"href":"https:\/\/loja.diogomolina.com.br\/loja\/wp-json\/wp\/v2\/media?parent=61"}],"wp:term":[{"taxonomy":"product_cat","embeddable":true,"href":"https:\/\/loja.diogomolina.com.br\/loja\/wp-json\/wp\/v2\/product_cat?post=61"},{"taxonomy":"product_tag","embeddable":true,"href":"https:\/\/loja.diogomolina.com.br\/loja\/wp-json\/wp\/v2\/product_tag?post=61"}],"curies":[{"name":"wp","href":"https:\/\/api.w.org\/{rel}","templated":true}]}}