{"id":63,"date":"2023-02-11T15:19:31","date_gmt":"2023-02-11T18:19:31","guid":{"rendered":"https:\/\/loja.diogomolina.com.br\/?post_type=product&#038;p=63"},"modified":"2024-03-19T08:54:57","modified_gmt":"2024-03-19T11:54:57","slug":"desafio-construindo-um-ambiente-no-microsoft-azure-do-zero","status":"publish","type":"product","link":"https:\/\/loja.diogomolina.com.br\/loja\/produto\/desafio-construindo-um-ambiente-no-microsoft-azure-do-zero\/","title":{"rendered":"Desafio Construindo Um Ambiente No Microsoft Azure Do ZERO"},"content":{"rendered":"","protected":false},"excerpt":{"rendered":"<h4>Nesse treinamento voc\u00ea vai aprender a construir um ambiente no Azure do absoluto Zero. Desde a cria\u00e7\u00e3o da subscription do Azure, at\u00e9 as configura\u00e7\u00f5es dos principais recursos.<\/h4>\n<h4>Voc\u00ea vai aprender:<\/h4>\n<h4>01- Como criar a subscription no Azure<br \/>\n02 &#8211; Subir Redes Virtuais no Azure<br \/>\n03 &#8211; Subir toda parte de Armazenamento no Azure com Storage Account<br \/>\n04 &#8211; Subir as m\u00e1quinas virtuais no Azure<br \/>\n05 &#8211; Gerenciar os principais recursos<\/h4>\n<h4>Esse \u00e9 o passo ideal para quem nunca criou ambiente no Azure e quer aprender o exato passo a passo.<\/h4>\n","protected":false},"featured_media":64,"template":"","meta":{"om_disable_all_campaigns":false,"_monsterinsights_skip_tracking":false,"_monsterinsights_sitenote_active":false,"_monsterinsights_sitenote_note":"","_monsterinsights_sitenote_category":0},"product_cat":[30],"product_tag":[31],"aioseo_notices":[],"_links":{"self":[{"href":"https:\/\/loja.diogomolina.com.br\/loja\/wp-json\/wp\/v2\/product\/63"}],"collection":[{"href":"https:\/\/loja.diogomolina.com.br\/loja\/wp-json\/wp\/v2\/product"}],"about":[{"href":"https:\/\/loja.diogomolina.com.br\/loja\/wp-json\/wp\/v2\/types\/product"}],"wp:featuredmedia":[{"embeddable":true,"href":"https:\/\/loja.diogomolina.com.br\/loja\/wp-json\/wp\/v2\/media\/64"}],"wp:attachment":[{"href":"https:\/\/loja.diogomolina.com.br\/loja\/wp-json\/wp\/v2\/media?parent=63"}],"wp:term":[{"taxonomy":"product_cat","embeddable":true,"href":"https:\/\/loja.diogomolina.com.br\/loja\/wp-json\/wp\/v2\/product_cat?post=63"},{"taxonomy":"product_tag","embeddable":true,"href":"https:\/\/loja.diogomolina.com.br\/loja\/wp-json\/wp\/v2\/product_tag?post=63"}],"curies":[{"name":"wp","href":"https:\/\/api.w.org\/{rel}","templated":true}]}}