{"id":65,"date":"2023-02-11T15:28:16","date_gmt":"2023-02-11T18:28:16","guid":{"rendered":"https:\/\/loja.diogomolina.com.br\/?post_type=product&#038;p=65"},"modified":"2024-03-19T08:53:11","modified_gmt":"2024-03-19T11:53:11","slug":"desafio-construindo-solucao-vpn-no-windows-server-e-no-azure","status":"publish","type":"product","link":"https:\/\/loja.diogomolina.com.br\/loja\/produto\/desafio-construindo-solucao-vpn-no-windows-server-e-no-azure\/","title":{"rendered":"Desafio Construindo Solu\u00e7\u00e3o VPN no Windows Server e no Azure"},"content":{"rendered":"","protected":false},"excerpt":{"rendered":"<h4>Se existe uma demanda que cresceu muito durante e ap\u00f3s a pandemia&#8230; s\u00e3o implementa\u00e7\u00f5es de solu\u00e7\u00f5es VPN.<\/h4>\n<h4>Cada vez mais as empresas est\u00e3o utilizando esse recurso poderoso para permitir que seus colaboradores possam trabalhar de qualquer lugar.<\/h4>\n<h4>Por\u00e9m algo que poucos profissionais dominam \u00e9: Como Criar uma Solu\u00e7\u00e3o VPN Realmente Segura.<\/h4>\n<h4>Esse \u00e9 o objetivo desse treinamento&#8230; Como criar solu\u00e7\u00f5es de VPN seguras no Windows Server e tamb\u00e9m no Azure.<\/h4>\n<h4>Voc\u00ea vai aprender sobre os protocolos de t\u00fanel VPN, quais s\u00e3o os mais seguros&#8230; como utilizar o certificado digital para garantir a sua seguran\u00e7a de conex\u00f5es externas.<\/h4>\n<h4>Tudo isso seguindo as melhores pr\u00e1ticas de seguran\u00e7a, para quem voc\u00ea n\u00e3o corra o risco de criar um solu\u00e7\u00e3o de VPN que fique vulner\u00e1vel.<\/h4>\n","protected":false},"featured_media":66,"template":"","meta":{"om_disable_all_campaigns":false,"_monsterinsights_skip_tracking":false,"_monsterinsights_sitenote_active":false,"_monsterinsights_sitenote_note":"","_monsterinsights_sitenote_category":0},"product_cat":[17],"product_tag":[37],"aioseo_notices":[],"_links":{"self":[{"href":"https:\/\/loja.diogomolina.com.br\/loja\/wp-json\/wp\/v2\/product\/65"}],"collection":[{"href":"https:\/\/loja.diogomolina.com.br\/loja\/wp-json\/wp\/v2\/product"}],"about":[{"href":"https:\/\/loja.diogomolina.com.br\/loja\/wp-json\/wp\/v2\/types\/product"}],"wp:featuredmedia":[{"embeddable":true,"href":"https:\/\/loja.diogomolina.com.br\/loja\/wp-json\/wp\/v2\/media\/66"}],"wp:attachment":[{"href":"https:\/\/loja.diogomolina.com.br\/loja\/wp-json\/wp\/v2\/media?parent=65"}],"wp:term":[{"taxonomy":"product_cat","embeddable":true,"href":"https:\/\/loja.diogomolina.com.br\/loja\/wp-json\/wp\/v2\/product_cat?post=65"},{"taxonomy":"product_tag","embeddable":true,"href":"https:\/\/loja.diogomolina.com.br\/loja\/wp-json\/wp\/v2\/product_tag?post=65"}],"curies":[{"name":"wp","href":"https:\/\/api.w.org\/{rel}","templated":true}]}}