{"id":67,"date":"2023-02-11T15:38:25","date_gmt":"2023-02-11T18:38:25","guid":{"rendered":"https:\/\/loja.diogomolina.com.br\/?post_type=product&#038;p=67"},"modified":"2024-03-19T08:52:05","modified_gmt":"2024-03-19T11:52:05","slug":"workshop-monitoracao-e-administracao-windows-server-com-windows-admin-center","status":"publish","type":"product","link":"https:\/\/loja.diogomolina.com.br\/loja\/produto\/workshop-monitoracao-e-administracao-windows-server-com-windows-admin-center\/","title":{"rendered":"Workshop Monitora\u00e7\u00e3o e Administra\u00e7\u00e3o Windows Server com Windows Admin Center"},"content":{"rendered":"","protected":false},"excerpt":{"rendered":"<h4>Uma das ferramentas de administra\u00e7\u00e3o e monitora\u00e7\u00e3o gratuita mais poderosas para ambientes com Windows Server e Azure&#8230;<\/h4>\n<h4>Estou falando do Windows Admin Center. Uma ferramenta desenvolvida pela Microsoft que auxilia o administrador do ambiente a gerenciar e monitorar o ambiente de forma centralizada.<\/h4>\n<h4>Hoje uma das coisas que mais exigem tempo do profissional que administra ambientes de Servidores, e ter que ficar fazendo logon remoto toda vez que precisa executar uma atividade nos Servidores.<\/h4>\n<h4>Isso faz com que o administrador perca um tempo valioso, onde poderia estar fazendo outras atividades, como propor melhorias, validar novas solu\u00e7\u00f5es, etc.<\/h4>\n<h4>O Window Admin Center vem para ajudar exatamente nessa quest\u00e3o&#8230; ter o gerenciamento do ambiente centralizado, em uma \u00fanica console.<\/h4>\n<h4>Mesmo sendo uma ferramenta gratuita, ela \u00e9 poderosa e completa. Voc\u00ea consegue administrar praticamente qualquer recurso com Windows Admin Center.<\/h4>\n<h4>A Microsoft disponibiliza v\u00e1rios plug-in adicionais para que atrav\u00e9s do Windows Admin Center, voc\u00ea possa gerenciar tamb\u00e9m alguns recursos como: Active Directory, DNS Server, File Server e v\u00e1rios recursos do Azure.<\/h4>\n<h4>E nesse treinamento voc\u00ea ir\u00e1 aprender tudo na pr\u00e1tica e passo a passo&#8230;<\/h4>\n<h4>Desde a instala\u00e7\u00e3o da ferramenta, adicionar os Servidores para serem administrados pela ferramenta, instalar os plug-ins&#8230;. e muito mais.<\/h4>\n<h4>Essa \u00e9 sua chance de ver todos os detalhes de como implementar e administrar os ambientes com o Windows Admin Center.<\/h4>\n","protected":false},"featured_media":68,"template":"","meta":{"om_disable_all_campaigns":false,"_monsterinsights_skip_tracking":false,"_monsterinsights_sitenote_active":false,"_monsterinsights_sitenote_note":"","_monsterinsights_sitenote_category":0},"product_cat":[17],"product_tag":[38],"aioseo_notices":[],"_links":{"self":[{"href":"https:\/\/loja.diogomolina.com.br\/loja\/wp-json\/wp\/v2\/product\/67"}],"collection":[{"href":"https:\/\/loja.diogomolina.com.br\/loja\/wp-json\/wp\/v2\/product"}],"about":[{"href":"https:\/\/loja.diogomolina.com.br\/loja\/wp-json\/wp\/v2\/types\/product"}],"wp:featuredmedia":[{"embeddable":true,"href":"https:\/\/loja.diogomolina.com.br\/loja\/wp-json\/wp\/v2\/media\/68"}],"wp:attachment":[{"href":"https:\/\/loja.diogomolina.com.br\/loja\/wp-json\/wp\/v2\/media?parent=67"}],"wp:term":[{"taxonomy":"product_cat","embeddable":true,"href":"https:\/\/loja.diogomolina.com.br\/loja\/wp-json\/wp\/v2\/product_cat?post=67"},{"taxonomy":"product_tag","embeddable":true,"href":"https:\/\/loja.diogomolina.com.br\/loja\/wp-json\/wp\/v2\/product_tag?post=67"}],"curies":[{"name":"wp","href":"https:\/\/api.w.org\/{rel}","templated":true}]}}