{"id":69,"date":"2023-02-11T15:49:34","date_gmt":"2023-02-11T18:49:34","guid":{"rendered":"https:\/\/loja.diogomolina.com.br\/?post_type=product&#038;p=69"},"modified":"2024-03-19T08:50:45","modified_gmt":"2024-03-19T11:50:45","slug":"treinamento-certificado-digital-com-active-directory-certificate-services","status":"publish","type":"product","link":"https:\/\/loja.diogomolina.com.br\/loja\/produto\/treinamento-certificado-digital-com-active-directory-certificate-services\/","title":{"rendered":"Treinamento Certificado Digital Com Active Directory Certificate Services"},"content":{"rendered":"","protected":false},"excerpt":{"rendered":"<p>https:\/\/vimeo.com\/807250754<\/p>\n<h4>Hoje praticamente qualquer aplica\u00e7\u00e3o trabalha com certificado digital para proteger a conex\u00e3o, seja aplica\u00e7\u00e3o interna ou externa.<\/h4>\n<h4>O Windows Server possui o recurso Active Directory Certificate Services, onde transformamos o nosso Servidores em uma Autoridade Certificadora, fazendo com que o Servidor esteja habilitado para emitir certificados digitais para as aplica\u00e7\u00f5es e usu\u00e1rios do ambiente.<\/h4>\n<h4>E nesse treinamento voc\u00ea vai aprender como implementar esse recurso importante no ambiente, levando em considera\u00e7\u00e3o as melhores pr\u00e1ticas de seguran\u00e7a.<\/h4>\n<h4>Segue um breve resumo do que voc\u00ea ir\u00e1 aprender nesse treinamento:<\/h4>\n<h4>01 &#8211; Como funciona o certificado digital<br \/>\n02 &#8211; Instala\u00e7\u00e3o do Active Directory Certificate Services<br \/>\n03 &#8211; Diferen\u00e7a entre Autoridade Certificadora Raiz e Subordinada<br \/>\n04 &#8211; Diferen\u00e7a entre Autoridade Certificadora Enterprise e Standalone<br \/>\n05 &#8211; Criando Ambientes Seguros utilizando Autoridades Certificadora Raiz em conjunto com a Subordinada<br \/>\n06 &#8211; Trabalhando Com Templates de Certificados<br \/>\n07 &#8211; Emitindo Certificado Digital para o ambiente<br \/>\n08 &#8211; O que \u00e9 e como configurar o Responder Online<br \/>\n09 &#8211; Como habilitar a prote\u00e7\u00e3o para recupera\u00e7\u00e3o da chave privada do certificado digital<\/h4>\n<h4>Depois desse treinamento voc\u00ea estar\u00e1 preparado para trabalhar com certificado digital para proteger suas aplica\u00e7\u00f5es e seu ambiente seguindo as melhores pr\u00e1ticas.<\/h4>\n","protected":false},"featured_media":70,"template":"","meta":{"om_disable_all_campaigns":false,"_monsterinsights_skip_tracking":false,"_monsterinsights_sitenote_active":false,"_monsterinsights_sitenote_note":"","_monsterinsights_sitenote_category":0},"product_cat":[17],"product_tag":[39],"aioseo_notices":[],"_links":{"self":[{"href":"https:\/\/loja.diogomolina.com.br\/loja\/wp-json\/wp\/v2\/product\/69"}],"collection":[{"href":"https:\/\/loja.diogomolina.com.br\/loja\/wp-json\/wp\/v2\/product"}],"about":[{"href":"https:\/\/loja.diogomolina.com.br\/loja\/wp-json\/wp\/v2\/types\/product"}],"wp:featuredmedia":[{"embeddable":true,"href":"https:\/\/loja.diogomolina.com.br\/loja\/wp-json\/wp\/v2\/media\/70"}],"wp:attachment":[{"href":"https:\/\/loja.diogomolina.com.br\/loja\/wp-json\/wp\/v2\/media?parent=69"}],"wp:term":[{"taxonomy":"product_cat","embeddable":true,"href":"https:\/\/loja.diogomolina.com.br\/loja\/wp-json\/wp\/v2\/product_cat?post=69"},{"taxonomy":"product_tag","embeddable":true,"href":"https:\/\/loja.diogomolina.com.br\/loja\/wp-json\/wp\/v2\/product_tag?post=69"}],"curies":[{"name":"wp","href":"https:\/\/api.w.org\/{rel}","templated":true}]}}