{"id":90,"date":"2023-03-06T14:21:01","date_gmt":"2023-03-06T17:21:01","guid":{"rendered":"https:\/\/loja.diogomolina.com.br\/loja\/?post_type=product&#038;p=90"},"modified":"2024-03-19T08:49:45","modified_gmt":"2024-03-19T11:49:45","slug":"workshop-troubleshooting-active-directory-2022-dia-20-de-marco-19h","status":"publish","type":"product","link":"https:\/\/loja.diogomolina.com.br\/loja\/produto\/workshop-troubleshooting-active-directory-2022-dia-20-de-marco-19h\/","title":{"rendered":"Workshop Troubleshooting Active Directory 2022"},"content":{"rendered":"","protected":false},"excerpt":{"rendered":"<p>99% dos profissionais de TI tem dificuldades na hora de identificar e resolver problemas no Active Directory. Hoje s\u00e3o poucos profissionais que possuem a habilidade de identificar problemas de forma r\u00e1pida e simples. Na maioria das vezes para resolver problemas no Active Directory \u00e9 necess\u00e1rio\u00a0 conhecer os recursos de replica\u00e7\u00e3o, parti\u00e7\u00f5es l\u00f3gicas, mestres de opera\u00e7\u00f5es, etc.<\/p>\n<p>Enquanto muitos demoram horas, dias e as vezes meses para identificar e resolver problemas no Active Directory, um pequeno grupo de profissionais s\u00e3o reconhecidos nas empresas e no mercado pela habilidade de resolver problemas no Active Directory rapidamente.<\/p>\n<p>Esse Workshop vai te ajudar a IDENTIFICAR e RESOLVER os principais problemas no Active Directory. Voc\u00ea ir\u00e1 aprender n\u00e3o somente identificar e resolver esses problemas, mas tamb\u00e9m porque eles ocorrem. Eu n\u00e3o estou falando de simplesmente te dar um comando m\u00e1gico para resolver os problemas.<\/p>\n<p>Estou falando de entender os principais componentes do Active Directory, que vai ajudar a identificar e resolver os problemas e tamb\u00e9m entender no detalhe porque eles ocorrem. Perceba a diferen\u00e7a entre rodar um comando sem saber como o problema foi resolvido VERSUS entender porque o problema ocorreu e saber identificar e resolver rapidamente.<\/p>\n<p>Essa \u00e9 uma das habilidade mais respeitadas nas empresas e no mercado. Mas para isso voc\u00ea precisa entender o funcionamento do Active Directory para resolver os principais problemas de replica\u00e7\u00e3o, migra\u00e7\u00e3o, indisponibilidade da autentica\u00e7\u00e3o, problemas com GPO\u00b4s, etc.<\/p>\n<p>Felizmente, \u00e9 exatamente isso que eu vou te ensinar no Workshop IN\u00c9DITO&#8230;<\/p>\n","protected":false},"featured_media":91,"template":"","meta":{"om_disable_all_campaigns":false,"_monsterinsights_skip_tracking":false,"_monsterinsights_sitenote_active":false,"_monsterinsights_sitenote_note":"","_monsterinsights_sitenote_category":0},"product_cat":[15],"product_tag":[],"aioseo_notices":[],"_links":{"self":[{"href":"https:\/\/loja.diogomolina.com.br\/loja\/wp-json\/wp\/v2\/product\/90"}],"collection":[{"href":"https:\/\/loja.diogomolina.com.br\/loja\/wp-json\/wp\/v2\/product"}],"about":[{"href":"https:\/\/loja.diogomolina.com.br\/loja\/wp-json\/wp\/v2\/types\/product"}],"wp:featuredmedia":[{"embeddable":true,"href":"https:\/\/loja.diogomolina.com.br\/loja\/wp-json\/wp\/v2\/media\/91"}],"wp:attachment":[{"href":"https:\/\/loja.diogomolina.com.br\/loja\/wp-json\/wp\/v2\/media?parent=90"}],"wp:term":[{"taxonomy":"product_cat","embeddable":true,"href":"https:\/\/loja.diogomolina.com.br\/loja\/wp-json\/wp\/v2\/product_cat?post=90"},{"taxonomy":"product_tag","embeddable":true,"href":"https:\/\/loja.diogomolina.com.br\/loja\/wp-json\/wp\/v2\/product_tag?post=90"}],"curies":[{"name":"wp","href":"https:\/\/api.w.org\/{rel}","templated":true}]}}