{"id":96,"date":"2023-03-25T11:19:27","date_gmt":"2023-03-25T14:19:27","guid":{"rendered":"https:\/\/loja.diogomolina.com.br\/loja\/?post_type=product&#038;p=96"},"modified":"2024-03-19T08:48:49","modified_gmt":"2024-03-19T11:48:49","slug":"treinamento-dhcp-server-2022","status":"publish","type":"product","link":"https:\/\/loja.diogomolina.com.br\/loja\/produto\/treinamento-dhcp-server-2022\/","title":{"rendered":"Treinamento DHCP Server 2022"},"content":{"rendered":"","protected":false},"excerpt":{"rendered":"<p>https:\/\/vimeo.com\/811578395<\/p>\n<p>Diferente do que muitos pensam o servi\u00e7o DHCP \u00e9 extremamente importante para qualquer ambiente.<br \/>\nO DHCP do Windows Server 2022 possuem v\u00e1rias configura\u00e7\u00f5es que s\u00e3o desconhecidas para boa parte dos profissionais de TI.<\/p>\n<p>A maioria s\u00f3 tem o conhecimento de cria\u00e7\u00e3o do escopo com os endere\u00e7os IP. Por\u00e9m o DHCP do Windows Server 2022 possuem v\u00e1rios recursos que nos auxiliam na administra\u00e7\u00e3o da entrega de IP e outras configura\u00e7\u00f5es. Mas por falta de conhecimentos boa parte dos ambientes n\u00e3o utilizam todos os recursos avan\u00e7ados que o DHCP oferece.<\/p>\n<p>Boa parte dos profissionais que trabalham com o DHCP se quer conhecem o processo DORA. E isso dificulta a utiliza\u00e7\u00e3o dos recursos do DHCP, sem dizer que sem o conhecimento desse processo fica muito dif\u00edcil resolver problemas com o DHCP.<\/p>\n<p>\u00c9 exatamente isso que voc\u00ea ter\u00e1 acesso nesse treinamento, voc\u00ea vai aprender todos os detalhes e segredos do DHCP Server 2022.<\/p>\n<p>N\u00f3s iremos passar por cada recurso, cada configura\u00e7\u00e3o de forma extremamente detalhada. Voc\u00ea vai aprender absolutamente TUDO, desde o b\u00e1sico at\u00e9 o avan\u00e7ado.<\/p>\n<p>Isso mesmo &#8220;AVAN\u00c7ADO&#8221; pois diferente do que muitos acham, o DHCP tem recursos avan\u00e7ados, n\u00e3o \u00e9 uma solu\u00e7\u00e3o t\u00e3o simples como muitos acreditam.<\/p>\n<p>E n\u00f3s iremos juntos ver tudo isso na pr\u00e1tica e passo a passo. Segue abaixo o que voc\u00ea ter\u00e1 acesso nesse Treinamento:<\/p>\n<p>Aula 01 &#8211; Vis\u00e3o Geral do Servi\u00e7o DHCP<br \/>\nAula 02 &#8211; Instala\u00e7\u00e3o DHCP Interface Gr\u00e1fica e Powershell<br \/>\nAula 03 &#8211; Configurando Escopo no DHCP Interface Gr\u00e1fica e Powershell<br \/>\nAula 04 &#8211; Gerenciamento do Escopo e Solicita\u00e7\u00e3o de IP pelo Cliente<br \/>\nAula 05 &#8211; Criando e Configurando Politicas do DHCP e Trabalhando com os Filtros do DHCP<br \/>\nAula 06 &#8211; Configura\u00e7\u00e3o do Relay Agent Para Configura\u00e7\u00e3o de Escopos de V\u00e1rias Redes<br \/>\nAula 07 &#8211; Configurando M\u00faltiplos Escopos no DHCP Server<br \/>\nAula 08 &#8211; Criando e Gerenciando Super Escopo<br \/>\nAula 09 &#8211; Criando e Configurando o Failover DHCP para Alta Disponibilidade<br \/>\nAula 10 &#8211; Como Fazer Backup e Recovery do Servidor DHCP<\/p>\n<p>Ap\u00f3s esse treinamento voc\u00ea ser\u00e1 um verdadeiro especialista quando o assunto \u00e9 DHCP Server e estar\u00e1 preparado para utilizar todos os recursos e atender qualquer necessidade as empresas.<\/p>\n<p>Garanta sua vaga agora mesmo.<\/p>\n","protected":false},"featured_media":97,"template":"","meta":{"om_disable_all_campaigns":false,"_monsterinsights_skip_tracking":false,"_monsterinsights_sitenote_active":false,"_monsterinsights_sitenote_note":"","_monsterinsights_sitenote_category":0},"product_cat":[15],"product_tag":[],"aioseo_notices":[],"_links":{"self":[{"href":"https:\/\/loja.diogomolina.com.br\/loja\/wp-json\/wp\/v2\/product\/96"}],"collection":[{"href":"https:\/\/loja.diogomolina.com.br\/loja\/wp-json\/wp\/v2\/product"}],"about":[{"href":"https:\/\/loja.diogomolina.com.br\/loja\/wp-json\/wp\/v2\/types\/product"}],"wp:featuredmedia":[{"embeddable":true,"href":"https:\/\/loja.diogomolina.com.br\/loja\/wp-json\/wp\/v2\/media\/97"}],"wp:attachment":[{"href":"https:\/\/loja.diogomolina.com.br\/loja\/wp-json\/wp\/v2\/media?parent=96"}],"wp:term":[{"taxonomy":"product_cat","embeddable":true,"href":"https:\/\/loja.diogomolina.com.br\/loja\/wp-json\/wp\/v2\/product_cat?post=96"},{"taxonomy":"product_tag","embeddable":true,"href":"https:\/\/loja.diogomolina.com.br\/loja\/wp-json\/wp\/v2\/product_tag?post=96"}],"curies":[{"name":"wp","href":"https:\/\/api.w.org\/{rel}","templated":true}]}}